{"id":738,"date":"2021-11-29T20:48:24","date_gmt":"2021-11-30T01:48:24","guid":{"rendered":"https:\/\/www.fenetreslaurentiennes.com\/about-us\/"},"modified":"2021-11-29T20:48:25","modified_gmt":"2021-11-30T01:48:25","slug":"about-us","status":"publish","type":"page","link":"https:\/\/www.fenetreslaurentiennes.com\/en\/about-us\/","title":{"rendered":"About us"},"content":{"rendered":"\t\t<div data-elementor-type=\"wp-page\" data-elementor-id=\"738\" class=\"elementor elementor-738\" data-elementor-post-type=\"page\">\n\t\t\t\t\t\t<section class=\"elementor-section elementor-top-section elementor-element elementor-element-ff3480e elementor-section-boxed elementor-section-height-default elementor-section-height-default\" data-id=\"ff3480e\" data-element_type=\"section\" data-e-type=\"section\">\n\t\t\t\t\t\t<div class=\"elementor-container elementor-column-gap-default\">\n\t\t\t\t\t<div class=\"elementor-column elementor-col-50 elementor-top-column elementor-element elementor-element-6d5bd29\" data-id=\"6d5bd29\" data-element_type=\"column\" data-e-type=\"column\">\n\t\t\t<div class=\"elementor-widget-wrap elementor-element-populated\">\n\t\t\t\t\t\t<div class=\"elementor-element elementor-element-787b85f elementor-widget elementor-widget-text-editor\" data-id=\"787b85f\" data-element_type=\"widget\" data-e-type=\"widget\" data-widget_type=\"text-editor.default\">\n\t\t\t\t<div class=\"elementor-widget-container\">\n\t\t\t\t\t\t\t\t\t<p class=\"p1\">In 1980, the renowned businessman Joseph Labont\u00e9 (son of Arthur and grandson of Adrien who colonized the St-Jovite area) launched his<b>door and window<\/b> business in downtown Saint-Jovite.  It was in 1983 that his son Jean-Guy returned to his hometown, bought the business and founded his family with his wife Danielle Drouin. In 1985, the company moved to its current location, with more warehouse space, a showroom and offices. Jean-Guy and Danielle have been able to develop their business by forming a solid business duo, in addition to raising their family of three children. Their oldest son Hugo started working for <b>Fen\u00eatres Laurentiennes<\/b> in 2008, and it was in 2010 that he acquired this wonderful family and local business.<\/p>\n<p class=\"p1\">Still located in downtown <b>Mont-Tremblant<\/b>, and serving the greater Upper and Lower <b>Laurentians region<\/b>, we maintain our good reputation of yesterday and today. We adapt to the market and we offer our customers <b>doors and windows<\/b>, as in the more classic and timeless styles as in new movements and materials.<\/p>\n<p class=\"p1\">Member of the R\u00e9gie du b\u00e2timent du Qu\u00e9bec (RBQ) and the Association de la construction du Qu\u00e9bec (ACQ), we offer <b>consulting<\/b> and <b>sales<\/b> services, <b>delivery<\/b>, certified home <b>installation<\/b> service, <b>maintenance<\/b>, and this as much for the renovation as for the construction.<\/p>\n<p class=\"p1\">Since our inception, we have worked hard to negotiate with our suppliers in order to offer the b<b>est possible prices<\/b> for our customers. You can even see some ski resort clients buying their <b>windows and doors<\/b> here for their properties in Montreal and Ottawa, because of our prices and service. We are grateful to our customers and we encourage local and Quebec purchases.<\/p>\n<p class=\"p1\">We are focusing our efforts on the residential environment. <b>Houses<\/b>, <b>condos<\/b>, and <b>multiplexes<\/b>, no matter the size of your property, we will be able to help you. We have a wide <b>choice of doors and windows<\/b>, in all colors and for all budgets. Your style, your level of <b>performance<\/b> and <b>comfort<\/b> as well as <b>energy savings<\/b>, we know all about it and we will be able to advise you. This is our strength. Also, our inventory includes <b>garage doors<\/b>, ceiling <b>skylights<\/b>, products for <b>3 and 4 season pavilions<\/b>, in addition to <b>custom-made<\/b> products. Do not forget our large collection of <b>hardware<\/b>, whether classic, minimalist, digital or high-end, our team will help you with your choices.<\/p>\n<p class=\"p1\">We offer products adapted to the climate of Quebec&#8217;s <b>Laurentians region<\/b>. Are you looking for <b>EnergyStar<\/b> products? We have that. Would you like to take advantage of the <b>R\u00e9noClimat<\/b> financial assistance program? We have qualifying products.<\/p>\n<p class=\"p1\">Our team awaits your call and your visit.<\/p>\n\t\t\t\t\t\t\t\t<\/div>\n\t\t\t\t<\/div>\n\t\t\t\t\t<\/div>\n\t\t<\/div>\n\t\t\t\t<div class=\"elementor-column elementor-col-50 elementor-top-column elementor-element elementor-element-9f2a361\" data-id=\"9f2a361\" data-element_type=\"column\" data-e-type=\"column\">\n\t\t\t<div class=\"elementor-widget-wrap elementor-element-populated\">\n\t\t\t\t\t\t<div class=\"elementor-element elementor-element-eb90c61 elementor-widget elementor-widget-image\" data-id=\"eb90c61\" data-element_type=\"widget\" data-e-type=\"widget\" data-widget_type=\"image.default\">\n\t\t\t\t<div class=\"elementor-widget-container\">\n\t\t\t\t\t\t\t\t\t\t\t\t<figure class=\"wp-caption\">\n\t\t\t\t\t\t\t\t\t\t<img decoding=\"async\" width=\"150\" height=\"150\" src=\"https:\/\/www.fenetreslaurentiennes.com\/wp-content\/uploads\/2021\/02\/joseph-labonte-150x150.png\" class=\"attachment-thumbnail size-thumbnail wp-image-740\" alt=\"\" srcset=\"https:\/\/www.fenetreslaurentiennes.com\/wp-content\/uploads\/2021\/02\/joseph-labonte-150x150.png 150w, https:\/\/www.fenetreslaurentiennes.com\/wp-content\/uploads\/2021\/02\/joseph-labonte-300x300.png 300w, https:\/\/www.fenetreslaurentiennes.com\/wp-content\/uploads\/2021\/02\/joseph-labonte.png 390w\" sizes=\"(max-width: 150px) 100vw, 150px\" \/>\t\t\t\t\t\t\t\t\t\t\t<figcaption class=\"widget-image-caption wp-caption-text\">Joseph Labont\u00e9<\/figcaption>\n\t\t\t\t\t\t\t\t\t\t<\/figure>\n\t\t\t\t\t\t\t\t\t<\/div>\n\t\t\t\t<\/div>\n\t\t\t\t<div class=\"elementor-element elementor-element-4181f1c elementor-widget elementor-widget-image\" data-id=\"4181f1c\" data-element_type=\"widget\" data-e-type=\"widget\" data-widget_type=\"image.default\">\n\t\t\t\t<div class=\"elementor-widget-container\">\n\t\t\t\t\t\t\t\t\t\t\t\t<figure class=\"wp-caption\">\n\t\t\t\t\t\t\t\t\t\t<img decoding=\"async\" width=\"150\" height=\"150\" src=\"https:\/\/www.fenetreslaurentiennes.com\/wp-content\/uploads\/2021\/02\/jeanguy-danielle-150x150.jpg\" class=\"attachment-thumbnail size-thumbnail wp-image-742\" alt=\"\" \/>\t\t\t\t\t\t\t\t\t\t\t<figcaption class=\"widget-image-caption wp-caption-text\">Jean-Guy and Danielle<\/figcaption>\n\t\t\t\t\t\t\t\t\t\t<\/figure>\n\t\t\t\t\t\t\t\t\t<\/div>\n\t\t\t\t<\/div>\n\t\t\t\t\t<\/div>\n\t\t<\/div>\n\t\t\t\t\t<\/div>\n\t\t<\/section>\n\t\t\t\t<\/div>\n\t\t","protected":false},"excerpt":{"rendered":"<p>In 1980, the renowned businessman Joseph Labont\u00e9 (son of Arthur and grandson of Adrien who colonized the St-Jovite area) launched hisdoor and window business in downtown Saint-Jovite. It was in 1983 that his son Jean-Guy returned to his hometown, bought the business and founded his family with his wife Danielle Drouin. In 1985, the company [&hellip;]<\/p>\n","protected":false},"author":1,"featured_media":0,"parent":0,"menu_order":0,"comment_status":"closed","ping_status":"closed","template":"","meta":{"footnotes":""},"class_list":["post-738","page","type-page","status-publish","hentry"],"yoast_head":"<!-- This site is optimized with the Yoast SEO plugin v27.4 - https:\/\/yoast.com\/product\/yoast-seo-wordpress\/ -->\n<title>About us - Fen\u00eatres Laurentiennes<\/title>\n<meta name=\"robots\" content=\"index, follow, max-snippet:-1, max-image-preview:large, max-video-preview:-1\" \/>\n<link rel=\"canonical\" href=\"https:\/\/www.fenetreslaurentiennes.com\/en\/about-us\/\" \/>\n<meta property=\"og:locale\" content=\"en_US\" \/>\n<meta property=\"og:type\" content=\"article\" \/>\n<meta property=\"og:title\" content=\"About us - Fen\u00eatres Laurentiennes\" \/>\n<meta property=\"og:description\" content=\"In 1980, the renowned businessman Joseph Labont\u00e9 (son of Arthur and grandson of Adrien who colonized the St-Jovite area) launched hisdoor and window business in downtown Saint-Jovite. It was in 1983 that his son Jean-Guy returned to his hometown, bought the business and founded his family with his wife Danielle Drouin. In 1985, the company [&hellip;]\" \/>\n<meta property=\"og:url\" content=\"https:\/\/www.fenetreslaurentiennes.com\/en\/about-us\/\" \/>\n<meta property=\"og:site_name\" content=\"Fen\u00eatres Laurentiennes\" \/>\n<meta property=\"article:modified_time\" content=\"2021-11-30T01:48:25+00:00\" \/>\n<meta property=\"og:image\" content=\"https:\/\/www.fenetreslaurentiennes.com\/wp-content\/uploads\/2021\/02\/joseph-labonte-150x150.png\" \/>\n<meta name=\"twitter:card\" content=\"summary_large_image\" \/>\n<meta name=\"twitter:label1\" content=\"Est. reading time\" \/>\n\t<meta name=\"twitter:data1\" content=\"2 minutes\" \/>\n<script type=\"application\/ld+json\" class=\"yoast-schema-graph\">{\"@context\":\"https:\\\/\\\/schema.org\",\"@graph\":[{\"@type\":\"WebPage\",\"@id\":\"https:\\\/\\\/www.fenetreslaurentiennes.com\\\/en\\\/about-us\\\/\",\"url\":\"https:\\\/\\\/www.fenetreslaurentiennes.com\\\/en\\\/about-us\\\/\",\"name\":\"About us - Fen\u00eatres Laurentiennes\",\"isPartOf\":{\"@id\":\"https:\\\/\\\/www.fenetreslaurentiennes.com\\\/#website\"},\"primaryImageOfPage\":{\"@id\":\"https:\\\/\\\/www.fenetreslaurentiennes.com\\\/en\\\/about-us\\\/#primaryimage\"},\"image\":{\"@id\":\"https:\\\/\\\/www.fenetreslaurentiennes.com\\\/en\\\/about-us\\\/#primaryimage\"},\"thumbnailUrl\":\"https:\\\/\\\/www.fenetreslaurentiennes.com\\\/wp-content\\\/uploads\\\/2021\\\/02\\\/joseph-labonte-150x150.png\",\"datePublished\":\"2021-11-30T01:48:24+00:00\",\"dateModified\":\"2021-11-30T01:48:25+00:00\",\"breadcrumb\":{\"@id\":\"https:\\\/\\\/www.fenetreslaurentiennes.com\\\/en\\\/about-us\\\/#breadcrumb\"},\"inLanguage\":\"en-US\",\"potentialAction\":[{\"@type\":\"ReadAction\",\"target\":[\"https:\\\/\\\/www.fenetreslaurentiennes.com\\\/en\\\/about-us\\\/\"]}]},{\"@type\":\"ImageObject\",\"inLanguage\":\"en-US\",\"@id\":\"https:\\\/\\\/www.fenetreslaurentiennes.com\\\/en\\\/about-us\\\/#primaryimage\",\"url\":\"https:\\\/\\\/www.fenetreslaurentiennes.com\\\/wp-content\\\/uploads\\\/2021\\\/02\\\/joseph-labonte-150x150.png\",\"contentUrl\":\"https:\\\/\\\/www.fenetreslaurentiennes.com\\\/wp-content\\\/uploads\\\/2021\\\/02\\\/joseph-labonte-150x150.png\"},{\"@type\":\"BreadcrumbList\",\"@id\":\"https:\\\/\\\/www.fenetreslaurentiennes.com\\\/en\\\/about-us\\\/#breadcrumb\",\"itemListElement\":[{\"@type\":\"ListItem\",\"position\":1,\"name\":\"Accueil\",\"item\":\"https:\\\/\\\/www.fenetreslaurentiennes.com\\\/en\\\/\"},{\"@type\":\"ListItem\",\"position\":2,\"name\":\"About us\"}]},{\"@type\":\"WebSite\",\"@id\":\"https:\\\/\\\/www.fenetreslaurentiennes.com\\\/#website\",\"url\":\"https:\\\/\\\/www.fenetreslaurentiennes.com\\\/\",\"name\":\"Fen\u00eatres Laurentiennes\",\"description\":\"Portes et fen\u00eatres \u00e0 Mont Tremblant\",\"publisher\":{\"@id\":\"https:\\\/\\\/www.fenetreslaurentiennes.com\\\/#organization\"},\"potentialAction\":[{\"@type\":\"SearchAction\",\"target\":{\"@type\":\"EntryPoint\",\"urlTemplate\":\"https:\\\/\\\/www.fenetreslaurentiennes.com\\\/?s={search_term_string}\"},\"query-input\":{\"@type\":\"PropertyValueSpecification\",\"valueRequired\":true,\"valueName\":\"search_term_string\"}}],\"inLanguage\":\"en-US\"},{\"@type\":\"Organization\",\"@id\":\"https:\\\/\\\/www.fenetreslaurentiennes.com\\\/#organization\",\"name\":\"Fen\u00eatres Laurentiennes\",\"url\":\"https:\\\/\\\/www.fenetreslaurentiennes.com\\\/\",\"logo\":{\"@type\":\"ImageObject\",\"inLanguage\":\"en-US\",\"@id\":\"https:\\\/\\\/www.fenetreslaurentiennes.com\\\/#\\\/schema\\\/logo\\\/image\\\/\",\"url\":\"https:\\\/\\\/www.fenetreslaurentiennes.com\\\/wp-content\\\/uploads\\\/2021\\\/01\\\/cropped-Logo-350-fenetres-laurentides-tremblant.png\",\"contentUrl\":\"https:\\\/\\\/www.fenetreslaurentiennes.com\\\/wp-content\\\/uploads\\\/2021\\\/01\\\/cropped-Logo-350-fenetres-laurentides-tremblant.png\",\"width\":350,\"height\":110,\"caption\":\"Fen\u00eatres Laurentiennes\"},\"image\":{\"@id\":\"https:\\\/\\\/www.fenetreslaurentiennes.com\\\/#\\\/schema\\\/logo\\\/image\\\/\"}}]}<\/script>\n<!-- \/ Yoast SEO plugin. -->","yoast_head_json":{"title":"About us - Fen\u00eatres Laurentiennes","robots":{"index":"index","follow":"follow","max-snippet":"max-snippet:-1","max-image-preview":"max-image-preview:large","max-video-preview":"max-video-preview:-1"},"canonical":"https:\/\/www.fenetreslaurentiennes.com\/en\/about-us\/","og_locale":"en_US","og_type":"article","og_title":"About us - Fen\u00eatres Laurentiennes","og_description":"In 1980, the renowned businessman Joseph Labont\u00e9 (son of Arthur and grandson of Adrien who colonized the St-Jovite area) launched hisdoor and window business in downtown Saint-Jovite. It was in 1983 that his son Jean-Guy returned to his hometown, bought the business and founded his family with his wife Danielle Drouin. In 1985, the company [&hellip;]","og_url":"https:\/\/www.fenetreslaurentiennes.com\/en\/about-us\/","og_site_name":"Fen\u00eatres Laurentiennes","article_modified_time":"2021-11-30T01:48:25+00:00","og_image":[{"url":"https:\/\/www.fenetreslaurentiennes.com\/wp-content\/uploads\/2021\/02\/joseph-labonte-150x150.png","type":"","width":"","height":""}],"twitter_card":"summary_large_image","twitter_misc":{"Est. reading time":"2 minutes"},"schema":{"@context":"https:\/\/schema.org","@graph":[{"@type":"WebPage","@id":"https:\/\/www.fenetreslaurentiennes.com\/en\/about-us\/","url":"https:\/\/www.fenetreslaurentiennes.com\/en\/about-us\/","name":"About us - Fen\u00eatres Laurentiennes","isPartOf":{"@id":"https:\/\/www.fenetreslaurentiennes.com\/#website"},"primaryImageOfPage":{"@id":"https:\/\/www.fenetreslaurentiennes.com\/en\/about-us\/#primaryimage"},"image":{"@id":"https:\/\/www.fenetreslaurentiennes.com\/en\/about-us\/#primaryimage"},"thumbnailUrl":"https:\/\/www.fenetreslaurentiennes.com\/wp-content\/uploads\/2021\/02\/joseph-labonte-150x150.png","datePublished":"2021-11-30T01:48:24+00:00","dateModified":"2021-11-30T01:48:25+00:00","breadcrumb":{"@id":"https:\/\/www.fenetreslaurentiennes.com\/en\/about-us\/#breadcrumb"},"inLanguage":"en-US","potentialAction":[{"@type":"ReadAction","target":["https:\/\/www.fenetreslaurentiennes.com\/en\/about-us\/"]}]},{"@type":"ImageObject","inLanguage":"en-US","@id":"https:\/\/www.fenetreslaurentiennes.com\/en\/about-us\/#primaryimage","url":"https:\/\/www.fenetreslaurentiennes.com\/wp-content\/uploads\/2021\/02\/joseph-labonte-150x150.png","contentUrl":"https:\/\/www.fenetreslaurentiennes.com\/wp-content\/uploads\/2021\/02\/joseph-labonte-150x150.png"},{"@type":"BreadcrumbList","@id":"https:\/\/www.fenetreslaurentiennes.com\/en\/about-us\/#breadcrumb","itemListElement":[{"@type":"ListItem","position":1,"name":"Accueil","item":"https:\/\/www.fenetreslaurentiennes.com\/en\/"},{"@type":"ListItem","position":2,"name":"About us"}]},{"@type":"WebSite","@id":"https:\/\/www.fenetreslaurentiennes.com\/#website","url":"https:\/\/www.fenetreslaurentiennes.com\/","name":"Fen\u00eatres Laurentiennes","description":"Portes et fen\u00eatres \u00e0 Mont Tremblant","publisher":{"@id":"https:\/\/www.fenetreslaurentiennes.com\/#organization"},"potentialAction":[{"@type":"SearchAction","target":{"@type":"EntryPoint","urlTemplate":"https:\/\/www.fenetreslaurentiennes.com\/?s={search_term_string}"},"query-input":{"@type":"PropertyValueSpecification","valueRequired":true,"valueName":"search_term_string"}}],"inLanguage":"en-US"},{"@type":"Organization","@id":"https:\/\/www.fenetreslaurentiennes.com\/#organization","name":"Fen\u00eatres Laurentiennes","url":"https:\/\/www.fenetreslaurentiennes.com\/","logo":{"@type":"ImageObject","inLanguage":"en-US","@id":"https:\/\/www.fenetreslaurentiennes.com\/#\/schema\/logo\/image\/","url":"https:\/\/www.fenetreslaurentiennes.com\/wp-content\/uploads\/2021\/01\/cropped-Logo-350-fenetres-laurentides-tremblant.png","contentUrl":"https:\/\/www.fenetreslaurentiennes.com\/wp-content\/uploads\/2021\/01\/cropped-Logo-350-fenetres-laurentides-tremblant.png","width":350,"height":110,"caption":"Fen\u00eatres Laurentiennes"},"image":{"@id":"https:\/\/www.fenetreslaurentiennes.com\/#\/schema\/logo\/image\/"}}]}},"_links":{"self":[{"href":"https:\/\/www.fenetreslaurentiennes.com\/en\/wp-json\/wp\/v2\/pages\/738","targetHints":{"allow":["GET"]}}],"collection":[{"href":"https:\/\/www.fenetreslaurentiennes.com\/en\/wp-json\/wp\/v2\/pages"}],"about":[{"href":"https:\/\/www.fenetreslaurentiennes.com\/en\/wp-json\/wp\/v2\/types\/page"}],"author":[{"embeddable":true,"href":"https:\/\/www.fenetreslaurentiennes.com\/en\/wp-json\/wp\/v2\/users\/1"}],"replies":[{"embeddable":true,"href":"https:\/\/www.fenetreslaurentiennes.com\/en\/wp-json\/wp\/v2\/comments?post=738"}],"version-history":[{"count":3,"href":"https:\/\/www.fenetreslaurentiennes.com\/en\/wp-json\/wp\/v2\/pages\/738\/revisions"}],"predecessor-version":[{"id":746,"href":"https:\/\/www.fenetreslaurentiennes.com\/en\/wp-json\/wp\/v2\/pages\/738\/revisions\/746"}],"wp:attachment":[{"href":"https:\/\/www.fenetreslaurentiennes.com\/en\/wp-json\/wp\/v2\/media?parent=738"}],"curies":[{"name":"wp","href":"https:\/\/api.w.org\/{rel}","templated":true}]}}